{"id":15,"date":"2016-01-08T10:32:02","date_gmt":"2016-01-08T09:32:02","guid":{"rendered":"http:\/\/vv.internetmensen.nl\/de\/?page_id=15"},"modified":"2016-01-19T11:11:06","modified_gmt":"2016-01-19T10:11:06","slug":"terminkalender","status":"publish","type":"page","link":"https:\/\/www.aquanaut-vaarvrienden.nl\/de\/terminkalender\/","title":{"rendered":"Terminkalender"},"content":{"rendered":"<div id=\"pl-15\"  class=\"panel-layout\" ><div id=\"pg-15-0\"  class=\"panel-grid panel-no-style\" ><div id=\"pgc-15-0-0\"  class=\"panel-grid-cell\" ><h1>Aquanaut FahrFreunde <span>Terminkalender<\/span><\/h1><\/div><\/div><div id=\"pg-15-1\"  class=\"panel-grid panel-no-style\" ><div id=\"pgc-15-1-0\"  class=\"panel-grid-cell\" ><div id=\"panel-15-1-0-0\" class=\"so-panel widget widget_sow-editor panel-first-child panel-last-child\" data-index=\"1\" ><div\n\t\t\t\n\t\t\tclass=\"so-widget-sow-editor so-widget-sow-editor-base\"\n\t\t\t\n\t\t><h3 class=\"widget-title\">Terminkalender 2009<\/h3>\n<div class=\"siteorigin-widget-tinymce textwidget\">\n\t<h3>Fr\u00fchjahrstour<\/h3>\n<p>Es wird von Joke und Jan van Dam eine gemeinsame Fahrtour organisiert. Start ist am 22. Mai 2009 ab IJsselmonde. Weitere Info folgt.\t<\/p>\n<h3>Arbeitsbesuch<\/h3>\n<p>Ein Arbeitsbesuch wird von Dick de Vries organisiert. Mitte September 2009. Weitere Info folgt rechtzeitig.<\/p>\n<\/div>\n<\/div><\/div><\/div><div id=\"pgc-15-1-1\"  class=\"panel-grid-cell\" ><div id=\"panel-15-1-1-0\" class=\"so-panel widget widget_sow-editor panel-first-child panel-last-child\" data-index=\"2\" ><div\n\t\t\t\n\t\t\tclass=\"so-widget-sow-editor so-widget-sow-editor-base\"\n\t\t\t\n\t\t>\n<div class=\"siteorigin-widget-tinymce textwidget\">\n\t<h3>Herbsttour<\/h3>\n<p>Mitglieder werden zu Vorschl\u00e4gen \u00fcber eine Herbsttour aufgefordert.<\/p>\n<h3>Jahresversammlung<\/h3>\n<p>Sie ist f\u00fcr 2009 f\u00fcr Samstag, den 7. November 2009, geplant. Jedes Jahr sollte sie an einer anderen Stelle stattfinden. Wir wollen f\u00fcr 2009 eine passende Gelegenheit in West-Holland suchen.<\/p>\n<\/div>\n<\/div><\/div><\/div><\/div><\/div>","protected":false},"excerpt":{"rendered":"<p>Fr\u00fchjahrstour Es wird von Joke und Jan van Dam eine gemeinsame Fahrtour organisiert. Start ist am 22. Mai 2009 ab IJsselmonde. Weitere Info folgt. Arbeitsbesuch Ein Arbeitsbesuch wird von Dick de Vries organisiert. Mitte September 2009. Weitere Info folgt rechtzeitig. Herbsttour Mitglieder werden zu Vorschl\u00e4gen \u00fcber eine Herbsttour aufgefordert. Jahresversammlung Sie ist f\u00fcr 2009 f\u00fcr [&hellip;]<\/p>\n","protected":false},"author":5,"featured_media":0,"parent":0,"menu_order":0,"comment_status":"closed","ping_status":"closed","template":"","meta":{"_acf_changed":false,"footnotes":""},"class_list":["post-15","page","type-page","status-publish","hentry"],"acf":[],"yoast_head":"<!-- This site is optimized with the Yoast SEO plugin v26.1.1 - https:\/\/yoast.com\/wordpress\/plugins\/seo\/ -->\n<title>Terminkalender - Aquanaut Fahrfreunde<\/title>\n<meta name=\"robots\" content=\"index, follow, max-snippet:-1, max-image-preview:large, max-video-preview:-1\" \/>\n<link rel=\"canonical\" href=\"https:\/\/www.aquanaut-vaarvrienden.nl\/de\/terminkalender\/\" \/>\n<meta property=\"og:locale\" content=\"de_DE\" \/>\n<meta property=\"og:type\" content=\"article\" \/>\n<meta property=\"og:title\" content=\"Terminkalender - Aquanaut Fahrfreunde\" \/>\n<meta property=\"og:description\" content=\"Fr\u00fchjahrstour Es wird von Joke und Jan van Dam eine gemeinsame Fahrtour organisiert. Start ist am 22. Mai 2009 ab IJsselmonde. Weitere Info folgt. Arbeitsbesuch Ein Arbeitsbesuch wird von Dick de Vries organisiert. Mitte September 2009. Weitere Info folgt rechtzeitig. Herbsttour Mitglieder werden zu Vorschl\u00e4gen \u00fcber eine Herbsttour aufgefordert. Jahresversammlung Sie ist f\u00fcr 2009 f\u00fcr [&hellip;]\" \/>\n<meta property=\"og:url\" content=\"https:\/\/www.aquanaut-vaarvrienden.nl\/de\/terminkalender\/\" \/>\n<meta property=\"og:site_name\" content=\"Aquanaut Fahrfreunde\" \/>\n<meta property=\"article:modified_time\" content=\"2016-01-19T10:11:06+00:00\" \/>\n<meta name=\"twitter:card\" content=\"summary_large_image\" \/>\n<script type=\"application\/ld+json\" class=\"yoast-schema-graph\">{\"@context\":\"https:\/\/schema.org\",\"@graph\":[{\"@type\":\"WebPage\",\"@id\":\"https:\/\/www.aquanaut-vaarvrienden.nl\/de\/terminkalender\/\",\"url\":\"https:\/\/www.aquanaut-vaarvrienden.nl\/de\/terminkalender\/\",\"name\":\"Terminkalender - Aquanaut Fahrfreunde\",\"isPartOf\":{\"@id\":\"https:\/\/www.aquanaut-vaarvrienden.nl\/de\/#website\"},\"datePublished\":\"2016-01-08T09:32:02+00:00\",\"dateModified\":\"2016-01-19T10:11:06+00:00\",\"breadcrumb\":{\"@id\":\"https:\/\/www.aquanaut-vaarvrienden.nl\/de\/terminkalender\/#breadcrumb\"},\"inLanguage\":\"de\",\"potentialAction\":[{\"@type\":\"ReadAction\",\"target\":[\"https:\/\/www.aquanaut-vaarvrienden.nl\/de\/terminkalender\/\"]}]},{\"@type\":\"BreadcrumbList\",\"@id\":\"https:\/\/www.aquanaut-vaarvrienden.nl\/de\/terminkalender\/#breadcrumb\",\"itemListElement\":[{\"@type\":\"ListItem\",\"position\":1,\"name\":\"Home\",\"item\":\"https:\/\/www.aquanaut-vaarvrienden.nl\/de\/\"},{\"@type\":\"ListItem\",\"position\":2,\"name\":\"Terminkalender\"}]},{\"@type\":\"WebSite\",\"@id\":\"https:\/\/www.aquanaut-vaarvrienden.nl\/de\/#website\",\"url\":\"https:\/\/www.aquanaut-vaarvrienden.nl\/de\/\",\"name\":\"Aquanaut Fahrfreunde\",\"description\":\"\",\"potentialAction\":[{\"@type\":\"SearchAction\",\"target\":{\"@type\":\"EntryPoint\",\"urlTemplate\":\"https:\/\/www.aquanaut-vaarvrienden.nl\/de\/?s={search_term_string}\"},\"query-input\":{\"@type\":\"PropertyValueSpecification\",\"valueRequired\":true,\"valueName\":\"search_term_string\"}}],\"inLanguage\":\"de\"}]}<\/script>\n<!-- \/ Yoast SEO plugin. -->","yoast_head_json":{"title":"Terminkalender - Aquanaut Fahrfreunde","robots":{"index":"index","follow":"follow","max-snippet":"max-snippet:-1","max-image-preview":"max-image-preview:large","max-video-preview":"max-video-preview:-1"},"canonical":"https:\/\/www.aquanaut-vaarvrienden.nl\/de\/terminkalender\/","og_locale":"de_DE","og_type":"article","og_title":"Terminkalender - Aquanaut Fahrfreunde","og_description":"Fr\u00fchjahrstour Es wird von Joke und Jan van Dam eine gemeinsame Fahrtour organisiert. Start ist am 22. Mai 2009 ab IJsselmonde. Weitere Info folgt. Arbeitsbesuch Ein Arbeitsbesuch wird von Dick de Vries organisiert. Mitte September 2009. Weitere Info folgt rechtzeitig. Herbsttour Mitglieder werden zu Vorschl\u00e4gen \u00fcber eine Herbsttour aufgefordert. Jahresversammlung Sie ist f\u00fcr 2009 f\u00fcr [&hellip;]","og_url":"https:\/\/www.aquanaut-vaarvrienden.nl\/de\/terminkalender\/","og_site_name":"Aquanaut Fahrfreunde","article_modified_time":"2016-01-19T10:11:06+00:00","twitter_card":"summary_large_image","schema":{"@context":"https:\/\/schema.org","@graph":[{"@type":"WebPage","@id":"https:\/\/www.aquanaut-vaarvrienden.nl\/de\/terminkalender\/","url":"https:\/\/www.aquanaut-vaarvrienden.nl\/de\/terminkalender\/","name":"Terminkalender - Aquanaut Fahrfreunde","isPartOf":{"@id":"https:\/\/www.aquanaut-vaarvrienden.nl\/de\/#website"},"datePublished":"2016-01-08T09:32:02+00:00","dateModified":"2016-01-19T10:11:06+00:00","breadcrumb":{"@id":"https:\/\/www.aquanaut-vaarvrienden.nl\/de\/terminkalender\/#breadcrumb"},"inLanguage":"de","potentialAction":[{"@type":"ReadAction","target":["https:\/\/www.aquanaut-vaarvrienden.nl\/de\/terminkalender\/"]}]},{"@type":"BreadcrumbList","@id":"https:\/\/www.aquanaut-vaarvrienden.nl\/de\/terminkalender\/#breadcrumb","itemListElement":[{"@type":"ListItem","position":1,"name":"Home","item":"https:\/\/www.aquanaut-vaarvrienden.nl\/de\/"},{"@type":"ListItem","position":2,"name":"Terminkalender"}]},{"@type":"WebSite","@id":"https:\/\/www.aquanaut-vaarvrienden.nl\/de\/#website","url":"https:\/\/www.aquanaut-vaarvrienden.nl\/de\/","name":"Aquanaut Fahrfreunde","description":"","potentialAction":[{"@type":"SearchAction","target":{"@type":"EntryPoint","urlTemplate":"https:\/\/www.aquanaut-vaarvrienden.nl\/de\/?s={search_term_string}"},"query-input":{"@type":"PropertyValueSpecification","valueRequired":true,"valueName":"search_term_string"}}],"inLanguage":"de"}]}},"_links":{"self":[{"href":"https:\/\/www.aquanaut-vaarvrienden.nl\/de\/wp-json\/wp\/v2\/pages\/15","targetHints":{"allow":["GET"]}}],"collection":[{"href":"https:\/\/www.aquanaut-vaarvrienden.nl\/de\/wp-json\/wp\/v2\/pages"}],"about":[{"href":"https:\/\/www.aquanaut-vaarvrienden.nl\/de\/wp-json\/wp\/v2\/types\/page"}],"author":[{"embeddable":true,"href":"https:\/\/www.aquanaut-vaarvrienden.nl\/de\/wp-json\/wp\/v2\/users\/5"}],"replies":[{"embeddable":true,"href":"https:\/\/www.aquanaut-vaarvrienden.nl\/de\/wp-json\/wp\/v2\/comments?post=15"}],"version-history":[{"count":4,"href":"https:\/\/www.aquanaut-vaarvrienden.nl\/de\/wp-json\/wp\/v2\/pages\/15\/revisions"}],"predecessor-version":[{"id":58,"href":"https:\/\/www.aquanaut-vaarvrienden.nl\/de\/wp-json\/wp\/v2\/pages\/15\/revisions\/58"}],"wp:attachment":[{"href":"https:\/\/www.aquanaut-vaarvrienden.nl\/de\/wp-json\/wp\/v2\/media?parent=15"}],"curies":[{"name":"wp","href":"https:\/\/api.w.org\/{rel}","templated":true}]}}