{"id":29,"date":"2016-01-08T10:44:58","date_gmt":"2016-01-08T09:44:58","guid":{"rendered":"http:\/\/vv.internetmensen.nl\/de\/?page_id=29"},"modified":"2016-01-08T10:44:58","modified_gmt":"2016-01-08T09:44:58","slug":"uber-diese-site","status":"publish","type":"page","link":"https:\/\/www.aquanaut-vaarvrienden.nl\/de\/uber-diese-site\/","title":{"rendered":"\u00dcber diese site"},"content":{"rendered":"<p>Dies ist die Site von <strong>A<\/strong>quanaut <strong>V<\/strong>aar <strong>Vr<\/strong>ienden. Der <strong>AVV <\/strong>ist ein niederl\u00e4ndischer Verein von Wassersportlern, die mit einer Aquanaut Motorjacht fahren.<br \/>\nDie Statuten des Vereins sind bei der Handelskammer von Groningen eingetragen.<\/p>\n<p>Der Verein wurde errichtet, um den Kontakt unter den Aquanautfahrern zu stimulieren.<\/p>\n<p>Auch Aquanaut-Eigner anderer europ\u00e4ischer L\u00e4nder k\u00f6nnen Mitglied von <strong>AVV<\/strong>werden.<\/p>\n","protected":false},"excerpt":{"rendered":"<p>Dies ist die Site von Aquanaut Vaar Vrienden. Der AVV ist ein niederl\u00e4ndischer Verein von Wassersportlern, die mit einer Aquanaut Motorjacht fahren. Die Statuten des Vereins sind bei der Handelskammer von Groningen eingetragen. Der Verein wurde errichtet, um den Kontakt unter den Aquanautfahrern zu stimulieren. Auch Aquanaut-Eigner anderer europ\u00e4ischer L\u00e4nder k\u00f6nnen Mitglied von AVVwerden.<\/p>\n","protected":false},"author":5,"featured_media":0,"parent":0,"menu_order":0,"comment_status":"closed","ping_status":"closed","template":"","meta":{"_acf_changed":false,"footnotes":""},"class_list":["post-29","page","type-page","status-publish","hentry"],"acf":[],"yoast_head":"<!-- This site is optimized with the Yoast SEO plugin v26.1.1 - https:\/\/yoast.com\/wordpress\/plugins\/seo\/ -->\n<title>\u00dcber diese site - Aquanaut Fahrfreunde<\/title>\n<meta name=\"robots\" content=\"index, follow, max-snippet:-1, max-image-preview:large, max-video-preview:-1\" \/>\n<link rel=\"canonical\" href=\"https:\/\/www.aquanaut-vaarvrienden.nl\/de\/uber-diese-site\/\" \/>\n<meta property=\"og:locale\" content=\"de_DE\" \/>\n<meta property=\"og:type\" content=\"article\" \/>\n<meta property=\"og:title\" content=\"\u00dcber diese site - Aquanaut Fahrfreunde\" \/>\n<meta property=\"og:description\" content=\"Dies ist die Site von Aquanaut Vaar Vrienden. Der AVV ist ein niederl\u00e4ndischer Verein von Wassersportlern, die mit einer Aquanaut Motorjacht fahren. Die Statuten des Vereins sind bei der Handelskammer von Groningen eingetragen. Der Verein wurde errichtet, um den Kontakt unter den Aquanautfahrern zu stimulieren. Auch Aquanaut-Eigner anderer europ\u00e4ischer L\u00e4nder k\u00f6nnen Mitglied von AVVwerden.\" \/>\n<meta property=\"og:url\" content=\"https:\/\/www.aquanaut-vaarvrienden.nl\/de\/uber-diese-site\/\" \/>\n<meta property=\"og:site_name\" content=\"Aquanaut Fahrfreunde\" \/>\n<meta name=\"twitter:card\" content=\"summary_large_image\" \/>\n<script type=\"application\/ld+json\" class=\"yoast-schema-graph\">{\"@context\":\"https:\/\/schema.org\",\"@graph\":[{\"@type\":\"WebPage\",\"@id\":\"https:\/\/www.aquanaut-vaarvrienden.nl\/de\/uber-diese-site\/\",\"url\":\"https:\/\/www.aquanaut-vaarvrienden.nl\/de\/uber-diese-site\/\",\"name\":\"\u00dcber diese site - Aquanaut Fahrfreunde\",\"isPartOf\":{\"@id\":\"https:\/\/www.aquanaut-vaarvrienden.nl\/de\/#website\"},\"datePublished\":\"2016-01-08T09:44:58+00:00\",\"breadcrumb\":{\"@id\":\"https:\/\/www.aquanaut-vaarvrienden.nl\/de\/uber-diese-site\/#breadcrumb\"},\"inLanguage\":\"de\",\"potentialAction\":[{\"@type\":\"ReadAction\",\"target\":[\"https:\/\/www.aquanaut-vaarvrienden.nl\/de\/uber-diese-site\/\"]}]},{\"@type\":\"BreadcrumbList\",\"@id\":\"https:\/\/www.aquanaut-vaarvrienden.nl\/de\/uber-diese-site\/#breadcrumb\",\"itemListElement\":[{\"@type\":\"ListItem\",\"position\":1,\"name\":\"Home\",\"item\":\"https:\/\/www.aquanaut-vaarvrienden.nl\/de\/\"},{\"@type\":\"ListItem\",\"position\":2,\"name\":\"\u00dcber diese site\"}]},{\"@type\":\"WebSite\",\"@id\":\"https:\/\/www.aquanaut-vaarvrienden.nl\/de\/#website\",\"url\":\"https:\/\/www.aquanaut-vaarvrienden.nl\/de\/\",\"name\":\"Aquanaut Fahrfreunde\",\"description\":\"\",\"potentialAction\":[{\"@type\":\"SearchAction\",\"target\":{\"@type\":\"EntryPoint\",\"urlTemplate\":\"https:\/\/www.aquanaut-vaarvrienden.nl\/de\/?s={search_term_string}\"},\"query-input\":{\"@type\":\"PropertyValueSpecification\",\"valueRequired\":true,\"valueName\":\"search_term_string\"}}],\"inLanguage\":\"de\"}]}<\/script>\n<!-- \/ Yoast SEO plugin. -->","yoast_head_json":{"title":"\u00dcber diese site - Aquanaut Fahrfreunde","robots":{"index":"index","follow":"follow","max-snippet":"max-snippet:-1","max-image-preview":"max-image-preview:large","max-video-preview":"max-video-preview:-1"},"canonical":"https:\/\/www.aquanaut-vaarvrienden.nl\/de\/uber-diese-site\/","og_locale":"de_DE","og_type":"article","og_title":"\u00dcber diese site - Aquanaut Fahrfreunde","og_description":"Dies ist die Site von Aquanaut Vaar Vrienden. Der AVV ist ein niederl\u00e4ndischer Verein von Wassersportlern, die mit einer Aquanaut Motorjacht fahren. Die Statuten des Vereins sind bei der Handelskammer von Groningen eingetragen. Der Verein wurde errichtet, um den Kontakt unter den Aquanautfahrern zu stimulieren. Auch Aquanaut-Eigner anderer europ\u00e4ischer L\u00e4nder k\u00f6nnen Mitglied von AVVwerden.","og_url":"https:\/\/www.aquanaut-vaarvrienden.nl\/de\/uber-diese-site\/","og_site_name":"Aquanaut Fahrfreunde","twitter_card":"summary_large_image","schema":{"@context":"https:\/\/schema.org","@graph":[{"@type":"WebPage","@id":"https:\/\/www.aquanaut-vaarvrienden.nl\/de\/uber-diese-site\/","url":"https:\/\/www.aquanaut-vaarvrienden.nl\/de\/uber-diese-site\/","name":"\u00dcber diese site - Aquanaut Fahrfreunde","isPartOf":{"@id":"https:\/\/www.aquanaut-vaarvrienden.nl\/de\/#website"},"datePublished":"2016-01-08T09:44:58+00:00","breadcrumb":{"@id":"https:\/\/www.aquanaut-vaarvrienden.nl\/de\/uber-diese-site\/#breadcrumb"},"inLanguage":"de","potentialAction":[{"@type":"ReadAction","target":["https:\/\/www.aquanaut-vaarvrienden.nl\/de\/uber-diese-site\/"]}]},{"@type":"BreadcrumbList","@id":"https:\/\/www.aquanaut-vaarvrienden.nl\/de\/uber-diese-site\/#breadcrumb","itemListElement":[{"@type":"ListItem","position":1,"name":"Home","item":"https:\/\/www.aquanaut-vaarvrienden.nl\/de\/"},{"@type":"ListItem","position":2,"name":"\u00dcber diese site"}]},{"@type":"WebSite","@id":"https:\/\/www.aquanaut-vaarvrienden.nl\/de\/#website","url":"https:\/\/www.aquanaut-vaarvrienden.nl\/de\/","name":"Aquanaut Fahrfreunde","description":"","potentialAction":[{"@type":"SearchAction","target":{"@type":"EntryPoint","urlTemplate":"https:\/\/www.aquanaut-vaarvrienden.nl\/de\/?s={search_term_string}"},"query-input":{"@type":"PropertyValueSpecification","valueRequired":true,"valueName":"search_term_string"}}],"inLanguage":"de"}]}},"_links":{"self":[{"href":"https:\/\/www.aquanaut-vaarvrienden.nl\/de\/wp-json\/wp\/v2\/pages\/29","targetHints":{"allow":["GET"]}}],"collection":[{"href":"https:\/\/www.aquanaut-vaarvrienden.nl\/de\/wp-json\/wp\/v2\/pages"}],"about":[{"href":"https:\/\/www.aquanaut-vaarvrienden.nl\/de\/wp-json\/wp\/v2\/types\/page"}],"author":[{"embeddable":true,"href":"https:\/\/www.aquanaut-vaarvrienden.nl\/de\/wp-json\/wp\/v2\/users\/5"}],"replies":[{"embeddable":true,"href":"https:\/\/www.aquanaut-vaarvrienden.nl\/de\/wp-json\/wp\/v2\/comments?post=29"}],"version-history":[{"count":1,"href":"https:\/\/www.aquanaut-vaarvrienden.nl\/de\/wp-json\/wp\/v2\/pages\/29\/revisions"}],"predecessor-version":[{"id":30,"href":"https:\/\/www.aquanaut-vaarvrienden.nl\/de\/wp-json\/wp\/v2\/pages\/29\/revisions\/30"}],"wp:attachment":[{"href":"https:\/\/www.aquanaut-vaarvrienden.nl\/de\/wp-json\/wp\/v2\/media?parent=29"}],"curies":[{"name":"wp","href":"https:\/\/api.w.org\/{rel}","templated":true}]}}