{"id":4,"date":"2016-01-08T10:22:29","date_gmt":"2016-01-08T09:22:29","guid":{"rendered":"http:\/\/vv.internetmensen.nl\/de\/?page_id=4"},"modified":"2016-01-08T12:22:15","modified_gmt":"2016-01-08T11:22:15","slug":"home","status":"publish","type":"page","link":"https:\/\/www.aquanaut-vaarvrienden.nl\/de\/","title":{"rendered":"Home"},"content":{"rendered":"<div id=\"pl-4\"  class=\"panel-layout\" ><div id=\"pg-4-0\"  class=\"panel-grid panel-no-style\" ><div id=\"pgc-4-0-0\"  class=\"panel-grid-cell\" ><h1>Wilkommen bei die  <span>Aquanaut Fahrfreunde<\/span><\/h1><div id=\"panel-4-0-0-1\" class=\"so-panel widget widget_sow-editor panel-last-child\" data-index=\"1\" ><div\n\t\t\t\n\t\t\tclass=\"so-widget-sow-editor so-widget-sow-editor-base\"\n\t\t\t\n\t\t>\n<div class=\"siteorigin-widget-tinymce textwidget\">\n\t<p>Die Aquanaut Fahrfreunde (AVV) sind eine Gruppe begeisterter Wassersportler, die alle Eigner einer Aquanaut Motorjacht sind. Die Aquanautjachten sind Qualit\u00e4tsjachten, die bereits seit 40 Jahren bei der Aquanautwerft in Sneek gebaut werden. Es besteht ein gro\u00dfes Angebot verschiedener Schiffstypen und Modelle (schauen Sie sich die Modell\u00fcbersicht auf der Aquanaut-Website an).<\/p>\n<\/div>\n<\/div><\/div><\/div><div id=\"pgc-4-0-1\"  class=\"panel-grid-cell\" ><div id=\"panel-4-0-1-0\" class=\"so-panel widget widget_sow-image panel-first-child panel-last-child\" data-index=\"2\" ><div\n\t\t\t\n\t\t\tclass=\"so-widget-sow-image so-widget-sow-image-default-8b5b6f678277-4\"\n\t\t\t\n\t\t>\n<div class=\"sow-image-container\">\n\t\t<img \n\tsrc=\"https:\/\/www.aquanaut-vaarvrienden.nl\/de\/wp-content\/uploads\/sites\/3\/2016\/01\/Vaartocht-2014-24-05-Lauwersoog.jpg\" width=\"3000\" height=\"2000\" srcset=\"https:\/\/www.aquanaut-vaarvrienden.nl\/de\/wp-content\/uploads\/sites\/3\/2016\/01\/Vaartocht-2014-24-05-Lauwersoog.jpg 3000w, https:\/\/www.aquanaut-vaarvrienden.nl\/de\/wp-content\/uploads\/sites\/3\/2016\/01\/Vaartocht-2014-24-05-Lauwersoog-300x200.jpg 300w, https:\/\/www.aquanaut-vaarvrienden.nl\/de\/wp-content\/uploads\/sites\/3\/2016\/01\/Vaartocht-2014-24-05-Lauwersoog-768x512.jpg 768w, https:\/\/www.aquanaut-vaarvrienden.nl\/de\/wp-content\/uploads\/sites\/3\/2016\/01\/Vaartocht-2014-24-05-Lauwersoog-1024x683.jpg 1024w, https:\/\/www.aquanaut-vaarvrienden.nl\/de\/wp-content\/uploads\/sites\/3\/2016\/01\/Vaartocht-2014-24-05-Lauwersoog-800x533.jpg 800w, https:\/\/www.aquanaut-vaarvrienden.nl\/de\/wp-content\/uploads\/sites\/3\/2016\/01\/Vaartocht-2014-24-05-Lauwersoog-2000x1333.jpg 2000w, https:\/\/www.aquanaut-vaarvrienden.nl\/de\/wp-content\/uploads\/sites\/3\/2016\/01\/Vaartocht-2014-24-05-Lauwersoog-272x182.jpg 272w\" sizes=\"(max-width: 3000px) 100vw, 3000px\" alt=\"\" \t\tclass=\"so-widget-image\"\/>\n\t<\/div>\n\n<\/div><\/div><\/div><\/div><div id=\"pg-4-1\"  class=\"panel-grid panel-has-style\" ><div class=\"beige panel-row-style panel-row-style-for-4-1\" ><div id=\"pgc-4-1-0\"  class=\"panel-grid-cell\" ><div id=\"panel-4-1-0-0\" class=\"so-panel widget widget_sow-editor panel-first-child panel-last-child\" data-index=\"3\" ><div\n\t\t\t\n\t\t\tclass=\"so-widget-sow-editor so-widget-sow-editor-base\"\n\t\t\t\n\t\t>\n<div class=\"siteorigin-widget-tinymce textwidget\">\n\t<h2>Der Verein<\/h2>\n<p>AVV ist ein junger Verein. Er wurde 2008 gegr\u00fcndet, um die Kontakte unter den Aquanautfahrern zu f\u00f6rdern. Beim Vorstellungstreffen und der ersten Jahresversammlung im November 2008 hatten sich bereits 50 Mitglieder (Schiffe) angemeldet.<br \/>\nDie Statuten des Vereins sind bei der Handelskammer von Groningen unter Dossiernummer 01133347 eingetragen, datiert auf den 18-06-2008. Interessenten, die sie einsehen m\u00f6chten, k\u00f6nnen mit der Handelskammer Kontakt aufnehmen.<\/p>\n<\/div>\n<\/div><\/div><\/div><div id=\"pgc-4-1-1\"  class=\"panel-grid-cell\" ><div id=\"panel-4-1-1-0\" class=\"so-panel widget widget_sow-editor panel-first-child panel-last-child\" data-index=\"4\" ><div\n\t\t\t\n\t\t\tclass=\"so-widget-sow-editor so-widget-sow-editor-base\"\n\t\t\t\n\t\t>\n<div class=\"siteorigin-widget-tinymce textwidget\">\n\t<h2><strong>Mit welchem Zweck<\/strong><\/h2>\n<p>Fahren auf einem Aquanauten ist nicht nur Genuss, sondern es sorgt auch f\u00fcr ein Band untereinander. Der AVV will dieses Band mit der Freude am Wassersport und der gemeinschaftlichen Begeisterung \u00fcber das Fahren einer Aquanautjacht verst\u00e4rken. Der Austausch an Erfahrungen oder das Organisieren \/ oder Teilnehmen an gemeinsamen Aktivit\u00e4ten kann hierbei auf eine erfreuliche Weise beitragen.<\/p>\n<\/div>\n<\/div><\/div><\/div><\/div><\/div><div id=\"pg-4-2\"  class=\"panel-grid panel-no-style\" ><div id=\"pgc-4-2-0\"  class=\"panel-grid-cell\" ><div id=\"panel-4-2-0-0\" class=\"so-panel widget widget_sow-image panel-first-child\" data-index=\"5\" ><div\n\t\t\t\n\t\t\tclass=\"so-widget-sow-image so-widget-sow-image-default-8b5b6f678277-4\"\n\t\t\t\n\t\t>\n<div class=\"sow-image-container\">\n\t\t<img \n\tsrc=\"https:\/\/www.aquanaut-vaarvrienden.nl\/de\/wp-content\/uploads\/sites\/3\/2016\/01\/Vaartocht-2014-25-05-Groningen.jpg\" width=\"2500\" height=\"1667\" srcset=\"https:\/\/www.aquanaut-vaarvrienden.nl\/de\/wp-content\/uploads\/sites\/3\/2016\/01\/Vaartocht-2014-25-05-Groningen.jpg 2500w, https:\/\/www.aquanaut-vaarvrienden.nl\/de\/wp-content\/uploads\/sites\/3\/2016\/01\/Vaartocht-2014-25-05-Groningen-300x200.jpg 300w, https:\/\/www.aquanaut-vaarvrienden.nl\/de\/wp-content\/uploads\/sites\/3\/2016\/01\/Vaartocht-2014-25-05-Groningen-768x512.jpg 768w, https:\/\/www.aquanaut-vaarvrienden.nl\/de\/wp-content\/uploads\/sites\/3\/2016\/01\/Vaartocht-2014-25-05-Groningen-1024x683.jpg 1024w, https:\/\/www.aquanaut-vaarvrienden.nl\/de\/wp-content\/uploads\/sites\/3\/2016\/01\/Vaartocht-2014-25-05-Groningen-800x533.jpg 800w, https:\/\/www.aquanaut-vaarvrienden.nl\/de\/wp-content\/uploads\/sites\/3\/2016\/01\/Vaartocht-2014-25-05-Groningen-2000x1333.jpg 2000w, https:\/\/www.aquanaut-vaarvrienden.nl\/de\/wp-content\/uploads\/sites\/3\/2016\/01\/Vaartocht-2014-25-05-Groningen-272x182.jpg 272w\" sizes=\"(max-width: 2500px) 100vw, 2500px\" alt=\"\" \t\tclass=\"so-widget-image\"\/>\n\t<\/div>\n\n<\/div><\/div><div id=\"panel-4-2-0-1\" class=\"so-panel widget widget_sow-image\" data-index=\"6\" ><div\n\t\t\t\n\t\t\tclass=\"so-widget-sow-image so-widget-sow-image-default-8b5b6f678277-4\"\n\t\t\t\n\t\t>\n<div class=\"sow-image-container\">\n\t\t<img \n\tsrc=\"https:\/\/www.aquanaut-vaarvrienden.nl\/de\/wp-content\/uploads\/sites\/3\/2016\/01\/Vaartocht-2014-19-05-2014-Harlingen-2.jpg\" width=\"2500\" height=\"1667\" srcset=\"https:\/\/www.aquanaut-vaarvrienden.nl\/de\/wp-content\/uploads\/sites\/3\/2016\/01\/Vaartocht-2014-19-05-2014-Harlingen-2.jpg 2500w, https:\/\/www.aquanaut-vaarvrienden.nl\/de\/wp-content\/uploads\/sites\/3\/2016\/01\/Vaartocht-2014-19-05-2014-Harlingen-2-300x200.jpg 300w, https:\/\/www.aquanaut-vaarvrienden.nl\/de\/wp-content\/uploads\/sites\/3\/2016\/01\/Vaartocht-2014-19-05-2014-Harlingen-2-768x512.jpg 768w, https:\/\/www.aquanaut-vaarvrienden.nl\/de\/wp-content\/uploads\/sites\/3\/2016\/01\/Vaartocht-2014-19-05-2014-Harlingen-2-1024x683.jpg 1024w, https:\/\/www.aquanaut-vaarvrienden.nl\/de\/wp-content\/uploads\/sites\/3\/2016\/01\/Vaartocht-2014-19-05-2014-Harlingen-2-800x533.jpg 800w, https:\/\/www.aquanaut-vaarvrienden.nl\/de\/wp-content\/uploads\/sites\/3\/2016\/01\/Vaartocht-2014-19-05-2014-Harlingen-2-2000x1333.jpg 2000w, https:\/\/www.aquanaut-vaarvrienden.nl\/de\/wp-content\/uploads\/sites\/3\/2016\/01\/Vaartocht-2014-19-05-2014-Harlingen-2-272x182.jpg 272w\" sizes=\"(max-width: 2500px) 100vw, 2500px\" alt=\"\" \t\tclass=\"so-widget-image\"\/>\n\t<\/div>\n\n<\/div><\/div><div id=\"panel-4-2-0-2\" class=\"so-panel widget widget_sow-image\" data-index=\"7\" ><div\n\t\t\t\n\t\t\tclass=\"so-widget-sow-image so-widget-sow-image-default-8b5b6f678277-4\"\n\t\t\t\n\t\t>\n<div class=\"sow-image-container\">\n\t\t<img \n\tsrc=\"https:\/\/www.aquanaut-vaarvrienden.nl\/de\/wp-content\/uploads\/sites\/3\/2016\/01\/Vaartocht-2014-19-05-2014-Harlingen-1.jpg\" width=\"2000\" height=\"1333\" srcset=\"https:\/\/www.aquanaut-vaarvrienden.nl\/de\/wp-content\/uploads\/sites\/3\/2016\/01\/Vaartocht-2014-19-05-2014-Harlingen-1.jpg 2000w, https:\/\/www.aquanaut-vaarvrienden.nl\/de\/wp-content\/uploads\/sites\/3\/2016\/01\/Vaartocht-2014-19-05-2014-Harlingen-1-300x200.jpg 300w, https:\/\/www.aquanaut-vaarvrienden.nl\/de\/wp-content\/uploads\/sites\/3\/2016\/01\/Vaartocht-2014-19-05-2014-Harlingen-1-768x512.jpg 768w, https:\/\/www.aquanaut-vaarvrienden.nl\/de\/wp-content\/uploads\/sites\/3\/2016\/01\/Vaartocht-2014-19-05-2014-Harlingen-1-1024x682.jpg 1024w, https:\/\/www.aquanaut-vaarvrienden.nl\/de\/wp-content\/uploads\/sites\/3\/2016\/01\/Vaartocht-2014-19-05-2014-Harlingen-1-800x533.jpg 800w, https:\/\/www.aquanaut-vaarvrienden.nl\/de\/wp-content\/uploads\/sites\/3\/2016\/01\/Vaartocht-2014-19-05-2014-Harlingen-1-272x182.jpg 272w\" sizes=\"(max-width: 2000px) 100vw, 2000px\" alt=\"\" \t\tclass=\"so-widget-image\"\/>\n\t<\/div>\n\n<\/div><\/div><div id=\"panel-4-2-0-3\" class=\"so-panel widget widget_sow-image panel-last-child\" data-index=\"8\" ><div\n\t\t\t\n\t\t\tclass=\"so-widget-sow-image so-widget-sow-image-default-8b5b6f678277-4\"\n\t\t\t\n\t\t>\n<div class=\"sow-image-container\">\n\t\t<img \n\tsrc=\"https:\/\/www.aquanaut-vaarvrienden.nl\/de\/wp-content\/uploads\/sites\/3\/2016\/01\/Vaartocht-2014-19-05-2014-Harlingen-3-1.jpg\" width=\"2500\" height=\"1667\" srcset=\"https:\/\/www.aquanaut-vaarvrienden.nl\/de\/wp-content\/uploads\/sites\/3\/2016\/01\/Vaartocht-2014-19-05-2014-Harlingen-3-1.jpg 2500w, https:\/\/www.aquanaut-vaarvrienden.nl\/de\/wp-content\/uploads\/sites\/3\/2016\/01\/Vaartocht-2014-19-05-2014-Harlingen-3-1-300x200.jpg 300w, https:\/\/www.aquanaut-vaarvrienden.nl\/de\/wp-content\/uploads\/sites\/3\/2016\/01\/Vaartocht-2014-19-05-2014-Harlingen-3-1-768x512.jpg 768w, https:\/\/www.aquanaut-vaarvrienden.nl\/de\/wp-content\/uploads\/sites\/3\/2016\/01\/Vaartocht-2014-19-05-2014-Harlingen-3-1-1024x683.jpg 1024w, https:\/\/www.aquanaut-vaarvrienden.nl\/de\/wp-content\/uploads\/sites\/3\/2016\/01\/Vaartocht-2014-19-05-2014-Harlingen-3-1-800x533.jpg 800w, https:\/\/www.aquanaut-vaarvrienden.nl\/de\/wp-content\/uploads\/sites\/3\/2016\/01\/Vaartocht-2014-19-05-2014-Harlingen-3-1-2000x1333.jpg 2000w, https:\/\/www.aquanaut-vaarvrienden.nl\/de\/wp-content\/uploads\/sites\/3\/2016\/01\/Vaartocht-2014-19-05-2014-Harlingen-3-1-272x182.jpg 272w\" sizes=\"(max-width: 2500px) 100vw, 2500px\" alt=\"\" \t\tclass=\"so-widget-image\"\/>\n\t<\/div>\n\n<\/div><\/div><\/div><div id=\"pgc-4-2-1\"  class=\"panel-grid-cell\" ><div id=\"panel-4-2-1-0\" class=\"so-panel widget widget_sow-editor panel-first-child\" data-index=\"9\" ><div\n\t\t\t\n\t\t\tclass=\"so-widget-sow-editor so-widget-sow-editor-base\"\n\t\t\t\n\t\t>\n<div class=\"siteorigin-widget-tinymce textwidget\">\n\t<h2>Wer macht wa\u00df<\/h2>\n<p>Die informelle Atmosph\u00e4re ohne viele Verpflichtungen ist ein wichtiges Merkmal des Vereins. Die Leitung ist prim\u00e4r verantwortlich f\u00fcr die t\u00e4glichen, formellen Angelegenheiten eines Vereins, wie die Erstellung der Statuten, die finanzielle Verwaltung und das Organisieren einer Jahresversammlung. Der Vorstand ist auch der Ansprechpartner des Vereins und vertritt AVV nach au\u00dfen. Die Mitglieder machen miteinander den Verein aus, sie bestimmen, ob es die M\u00fche wert ist, Mitglied zu sein. Es steht ihnen frei, Aktivit\u00e4ten zu unternehmen. Sie k\u00f6nnen auch individuell oder gemeinsam mit anderen Mitgliedern Aktivit\u00e4ten unternehmen und andere Mitglieder dazu einladen. Der Vorstand freut sich sehr \u00fcber solche Initiativen und liefert gerne seinen Beitrag dazu.<\/p>\n<\/div>\n<\/div><\/div><div id=\"panel-4-2-1-1\" class=\"so-panel widget widget_sow-editor\" data-index=\"10\" ><div\n\t\t\t\n\t\t\tclass=\"so-widget-sow-editor so-widget-sow-editor-base\"\n\t\t\t\n\t\t>\n<div class=\"siteorigin-widget-tinymce textwidget\">\n\t<h2>Nicht nur in den Niederlanden<\/h2>\n<p>Aquanautschiffe fahren nicht nur in den Niederlanden. Mehr als die H\u00e4lfte der in Sneek gebauten Aquanauten haben ihren Heimathafen in anderen europ\u00e4ischen L\u00e4ndern und oft auch au\u00dferhalb Europas. Der Vorstand von AVV freut sich sehr \u00fcber diese Kontakte zu anderen Aquanaut-Eigner. Interessenten anderer L\u00e4nder werden gerne eingeladen, Mitglied im AVV zu werden. Das Organisieren von Aktivit\u00e4ten f\u00fcr Aquanautfahrer in einem europ\u00e4ischen Verband ist ein sehr attraktiver Gedanke. Bei ausreichendem Interesse k\u00f6nnte eine \u201einternationale Arbeitsgruppe\u201d diese M\u00f6glichkeit weiter ausarbeiten..<\/p>\n<\/div>\n<\/div><\/div><div id=\"panel-4-2-1-2\" class=\"so-panel widget widget_sow-editor\" data-index=\"11\" ><div\n\t\t\t\n\t\t\tclass=\"so-widget-sow-editor so-widget-sow-editor-base\"\n\t\t\t\n\t\t>\n<div class=\"siteorigin-widget-tinymce textwidget\">\n\t<h2>Unabh\u00e4ngig<\/h2>\n<p>Der AVV ist ein unabh\u00e4ngiger Verein, dies aber in einem engen freundschaftlichen Verbund mit der Aquanaut- Werft. Er ist kein Interessenvertreter zwischen individuellen Mitgliedern und der Werft bei m\u00f6glichen Streitigkeiten. Auf Ersuchen kann er eine Signalfunktion zur Werft erf\u00fcllen. So kann der AVV beispielsweise die Aufmerksamkeit der Werft auf die Bemerkungen oder W\u00fcnsche aufgrund von Erfahrungen, die manche Mitgliedsgruppe mit ihrem Schiff gemacht hat, richten.<\/p>\n<\/div>\n<\/div><\/div><div id=\"panel-4-2-1-3\" class=\"so-panel widget widget_sow-editor panel-last-child\" data-index=\"12\" ><div\n\t\t\t\n\t\t\tclass=\"so-widget-sow-editor so-widget-sow-editor-base\"\n\t\t\t\n\t\t>\n<div class=\"siteorigin-widget-tinymce textwidget\">\n\t<h2>Sind Sie interessiert<\/h2>\n<p>Sind Sie ein Aquanaut-Eigner und hat diese kurze Pr\u00e4sentation ihre Aufmerksamkeit geweckt, lesen Sie dann weiter auf der Site \u201eMitgliedschaft\u201c und melden Sie sich an. Dies geht durch das Ausf\u00fcllen und Verschicken des Einschreibeformulars. Haben Sie noch Fragen, nehmen Sie dann Kontakt auf mit dem Sekretariat der Aquanaut Fahrfreunde (AVV).<\/p>\n<p><em>Privatdaten werden nicht an Ditte weitergegeben!  Sehen Sie auch die Privatschutzerkl\u00e4rung.<\/em><\/p>\n<\/div>\n<\/div><\/div><\/div><\/div><\/div>","protected":false},"excerpt":{"rendered":"<p>Die Aquanaut Fahrfreunde (AVV) sind eine Gruppe begeisterter Wassersportler, die alle Eigner einer Aquanaut Motorjacht sind. Die Aquanautjachten sind Qualit\u00e4tsjachten, die bereits seit 40 Jahren bei der Aquanautwerft in Sneek gebaut werden. Es besteht ein gro\u00dfes Angebot verschiedener Schiffstypen und Modelle (schauen Sie sich die Modell\u00fcbersicht auf der Aquanaut-Website an). Der Verein AVV ist ein [&hellip;]<\/p>\n","protected":false},"author":5,"featured_media":0,"parent":0,"menu_order":0,"comment_status":"closed","ping_status":"closed","template":"","meta":{"_acf_changed":false,"footnotes":""},"class_list":["post-4","page","type-page","status-publish","hentry"],"acf":[],"yoast_head":"<!-- This site is optimized with the Yoast SEO plugin v26.1.1 - https:\/\/yoast.com\/wordpress\/plugins\/seo\/ -->\n<title>Home - Aquanaut Fahrfreunde<\/title>\n<meta name=\"robots\" content=\"index, follow, max-snippet:-1, max-image-preview:large, max-video-preview:-1\" \/>\n<link rel=\"canonical\" href=\"https:\/\/www.aquanaut-vaarvrienden.nl\/de\/\" \/>\n<meta property=\"og:locale\" content=\"de_DE\" \/>\n<meta property=\"og:type\" content=\"article\" \/>\n<meta property=\"og:title\" content=\"Home - Aquanaut Fahrfreunde\" \/>\n<meta property=\"og:description\" content=\"Die Aquanaut Fahrfreunde (AVV) sind eine Gruppe begeisterter Wassersportler, die alle Eigner einer Aquanaut Motorjacht sind. Die Aquanautjachten sind Qualit\u00e4tsjachten, die bereits seit 40 Jahren bei der Aquanautwerft in Sneek gebaut werden. Es besteht ein gro\u00dfes Angebot verschiedener Schiffstypen und Modelle (schauen Sie sich die Modell\u00fcbersicht auf der Aquanaut-Website an). Der Verein AVV ist ein [&hellip;]\" \/>\n<meta property=\"og:url\" content=\"https:\/\/www.aquanaut-vaarvrienden.nl\/de\/\" \/>\n<meta property=\"og:site_name\" content=\"Aquanaut Fahrfreunde\" \/>\n<meta property=\"article:modified_time\" content=\"2016-01-08T11:22:15+00:00\" \/>\n<meta property=\"og:image\" content=\"http:\/\/vv.internetmensen.nl\/de\/wp-content\/uploads\/sites\/3\/2016\/01\/Vaartocht-2014-24-05-Lauwersoog.jpg\" \/>\n<meta name=\"twitter:card\" content=\"summary_large_image\" \/>\n<meta name=\"twitter:label1\" content=\"Gesch\u00e4tzte Lesezeit\" \/>\n\t<meta name=\"twitter:data1\" content=\"3\u00a0Minuten\" \/>\n<script type=\"application\/ld+json\" class=\"yoast-schema-graph\">{\"@context\":\"https:\/\/schema.org\",\"@graph\":[{\"@type\":\"WebPage\",\"@id\":\"https:\/\/www.aquanaut-vaarvrienden.nl\/de\/\",\"url\":\"https:\/\/www.aquanaut-vaarvrienden.nl\/de\/\",\"name\":\"Home - Aquanaut Fahrfreunde\",\"isPartOf\":{\"@id\":\"https:\/\/www.aquanaut-vaarvrienden.nl\/de\/#website\"},\"primaryImageOfPage\":{\"@id\":\"https:\/\/www.aquanaut-vaarvrienden.nl\/de\/#primaryimage\"},\"image\":{\"@id\":\"https:\/\/www.aquanaut-vaarvrienden.nl\/de\/#primaryimage\"},\"thumbnailUrl\":\"http:\/\/vv.internetmensen.nl\/de\/wp-content\/uploads\/sites\/3\/2016\/01\/Vaartocht-2014-24-05-Lauwersoog.jpg\",\"datePublished\":\"2016-01-08T09:22:29+00:00\",\"dateModified\":\"2016-01-08T11:22:15+00:00\",\"breadcrumb\":{\"@id\":\"https:\/\/www.aquanaut-vaarvrienden.nl\/de\/#breadcrumb\"},\"inLanguage\":\"de\",\"potentialAction\":[{\"@type\":\"ReadAction\",\"target\":[\"https:\/\/www.aquanaut-vaarvrienden.nl\/de\/\"]}]},{\"@type\":\"ImageObject\",\"inLanguage\":\"de\",\"@id\":\"https:\/\/www.aquanaut-vaarvrienden.nl\/de\/#primaryimage\",\"url\":\"http:\/\/vv.internetmensen.nl\/de\/wp-content\/uploads\/sites\/3\/2016\/01\/Vaartocht-2014-24-05-Lauwersoog.jpg\",\"contentUrl\":\"http:\/\/vv.internetmensen.nl\/de\/wp-content\/uploads\/sites\/3\/2016\/01\/Vaartocht-2014-24-05-Lauwersoog.jpg\"},{\"@type\":\"BreadcrumbList\",\"@id\":\"https:\/\/www.aquanaut-vaarvrienden.nl\/de\/#breadcrumb\",\"itemListElement\":[{\"@type\":\"ListItem\",\"position\":1,\"name\":\"Home\",\"item\":\"https:\/\/www.aquanaut-vaarvrienden.nl\/de\/\"},{\"@type\":\"ListItem\",\"position\":2,\"name\":\"Home\"}]},{\"@type\":\"WebSite\",\"@id\":\"https:\/\/www.aquanaut-vaarvrienden.nl\/de\/#website\",\"url\":\"https:\/\/www.aquanaut-vaarvrienden.nl\/de\/\",\"name\":\"Aquanaut Fahrfreunde\",\"description\":\"\",\"potentialAction\":[{\"@type\":\"SearchAction\",\"target\":{\"@type\":\"EntryPoint\",\"urlTemplate\":\"https:\/\/www.aquanaut-vaarvrienden.nl\/de\/?s={search_term_string}\"},\"query-input\":{\"@type\":\"PropertyValueSpecification\",\"valueRequired\":true,\"valueName\":\"search_term_string\"}}],\"inLanguage\":\"de\"}]}<\/script>\n<!-- \/ Yoast SEO plugin. -->","yoast_head_json":{"title":"Home - Aquanaut Fahrfreunde","robots":{"index":"index","follow":"follow","max-snippet":"max-snippet:-1","max-image-preview":"max-image-preview:large","max-video-preview":"max-video-preview:-1"},"canonical":"https:\/\/www.aquanaut-vaarvrienden.nl\/de\/","og_locale":"de_DE","og_type":"article","og_title":"Home - Aquanaut Fahrfreunde","og_description":"Die Aquanaut Fahrfreunde (AVV) sind eine Gruppe begeisterter Wassersportler, die alle Eigner einer Aquanaut Motorjacht sind. Die Aquanautjachten sind Qualit\u00e4tsjachten, die bereits seit 40 Jahren bei der Aquanautwerft in Sneek gebaut werden. Es besteht ein gro\u00dfes Angebot verschiedener Schiffstypen und Modelle (schauen Sie sich die Modell\u00fcbersicht auf der Aquanaut-Website an). Der Verein AVV ist ein [&hellip;]","og_url":"https:\/\/www.aquanaut-vaarvrienden.nl\/de\/","og_site_name":"Aquanaut Fahrfreunde","article_modified_time":"2016-01-08T11:22:15+00:00","og_image":[{"url":"http:\/\/vv.internetmensen.nl\/de\/wp-content\/uploads\/sites\/3\/2016\/01\/Vaartocht-2014-24-05-Lauwersoog.jpg","type":"","width":"","height":""}],"twitter_card":"summary_large_image","twitter_misc":{"Gesch\u00e4tzte Lesezeit":"3\u00a0Minuten"},"schema":{"@context":"https:\/\/schema.org","@graph":[{"@type":"WebPage","@id":"https:\/\/www.aquanaut-vaarvrienden.nl\/de\/","url":"https:\/\/www.aquanaut-vaarvrienden.nl\/de\/","name":"Home - Aquanaut Fahrfreunde","isPartOf":{"@id":"https:\/\/www.aquanaut-vaarvrienden.nl\/de\/#website"},"primaryImageOfPage":{"@id":"https:\/\/www.aquanaut-vaarvrienden.nl\/de\/#primaryimage"},"image":{"@id":"https:\/\/www.aquanaut-vaarvrienden.nl\/de\/#primaryimage"},"thumbnailUrl":"http:\/\/vv.internetmensen.nl\/de\/wp-content\/uploads\/sites\/3\/2016\/01\/Vaartocht-2014-24-05-Lauwersoog.jpg","datePublished":"2016-01-08T09:22:29+00:00","dateModified":"2016-01-08T11:22:15+00:00","breadcrumb":{"@id":"https:\/\/www.aquanaut-vaarvrienden.nl\/de\/#breadcrumb"},"inLanguage":"de","potentialAction":[{"@type":"ReadAction","target":["https:\/\/www.aquanaut-vaarvrienden.nl\/de\/"]}]},{"@type":"ImageObject","inLanguage":"de","@id":"https:\/\/www.aquanaut-vaarvrienden.nl\/de\/#primaryimage","url":"http:\/\/vv.internetmensen.nl\/de\/wp-content\/uploads\/sites\/3\/2016\/01\/Vaartocht-2014-24-05-Lauwersoog.jpg","contentUrl":"http:\/\/vv.internetmensen.nl\/de\/wp-content\/uploads\/sites\/3\/2016\/01\/Vaartocht-2014-24-05-Lauwersoog.jpg"},{"@type":"BreadcrumbList","@id":"https:\/\/www.aquanaut-vaarvrienden.nl\/de\/#breadcrumb","itemListElement":[{"@type":"ListItem","position":1,"name":"Home","item":"https:\/\/www.aquanaut-vaarvrienden.nl\/de\/"},{"@type":"ListItem","position":2,"name":"Home"}]},{"@type":"WebSite","@id":"https:\/\/www.aquanaut-vaarvrienden.nl\/de\/#website","url":"https:\/\/www.aquanaut-vaarvrienden.nl\/de\/","name":"Aquanaut Fahrfreunde","description":"","potentialAction":[{"@type":"SearchAction","target":{"@type":"EntryPoint","urlTemplate":"https:\/\/www.aquanaut-vaarvrienden.nl\/de\/?s={search_term_string}"},"query-input":{"@type":"PropertyValueSpecification","valueRequired":true,"valueName":"search_term_string"}}],"inLanguage":"de"}]}},"_links":{"self":[{"href":"https:\/\/www.aquanaut-vaarvrienden.nl\/de\/wp-json\/wp\/v2\/pages\/4","targetHints":{"allow":["GET"]}}],"collection":[{"href":"https:\/\/www.aquanaut-vaarvrienden.nl\/de\/wp-json\/wp\/v2\/pages"}],"about":[{"href":"https:\/\/www.aquanaut-vaarvrienden.nl\/de\/wp-json\/wp\/v2\/types\/page"}],"author":[{"embeddable":true,"href":"https:\/\/www.aquanaut-vaarvrienden.nl\/de\/wp-json\/wp\/v2\/users\/5"}],"replies":[{"embeddable":true,"href":"https:\/\/www.aquanaut-vaarvrienden.nl\/de\/wp-json\/wp\/v2\/comments?post=4"}],"version-history":[{"count":5,"href":"https:\/\/www.aquanaut-vaarvrienden.nl\/de\/wp-json\/wp\/v2\/pages\/4\/revisions"}],"predecessor-version":[{"id":52,"href":"https:\/\/www.aquanaut-vaarvrienden.nl\/de\/wp-json\/wp\/v2\/pages\/4\/revisions\/52"}],"wp:attachment":[{"href":"https:\/\/www.aquanaut-vaarvrienden.nl\/de\/wp-json\/wp\/v2\/media?parent=4"}],"curies":[{"name":"wp","href":"https:\/\/api.w.org\/{rel}","templated":true}]}}